{"id":924,"date":"2019-09-17T08:33:42","date_gmt":"2019-09-17T08:33:42","guid":{"rendered":"https:\/\/www.kuvertdruckzurwerra.ch\/?page_id=924"},"modified":"2019-09-17T08:34:45","modified_gmt":"2019-09-17T08:34:45","slug":"calculateur-doffres","status":"publish","type":"page","link":"https:\/\/www.kuvertdruckzurwerra.ch\/fr\/calculateur-doffres\/","title":{"rendered":"Calculateur d\u2018offres"},"content":{"rendered":"<div id=\"quform-6f2f43\" class=\"quform quform-6 quform-support-page-caching\"><form id=\"quform-form-6f2f43\" class=\"quform-form quform-form-6\" action=\"\/fr\/wp-json\/wp\/v2\/pages\/924#quform-6f2f43\" method=\"post\" enctype=\"multipart\/form-data\" novalidate=\"novalidate\" data-options=\"{&quot;id&quot;:6,&quot;uniqueId&quot;:&quot;6f2f43&quot;,&quot;theme&quot;:&quot;&quot;,&quot;ajax&quot;:true,&quot;logic&quot;:{&quot;logic&quot;:[],&quot;dependents&quot;:[],&quot;elementIds&quot;:[],&quot;dependentElementIds&quot;:[],&quot;animate&quot;:true},&quot;currentPageId&quot;:1,&quot;errorsIcon&quot;:&quot;&quot;,&quot;updateFancybox&quot;:true,&quot;hasPages&quot;:false,&quot;pages&quot;:[1],&quot;pageProgressType&quot;:&quot;numbers&quot;,&quot;tooltipsEnabled&quot;:true,&quot;tooltipClasses&quot;:&quot;qtip-quform-dark qtip-shadow&quot;,&quot;tooltipMy&quot;:&quot;left center&quot;,&quot;tooltipAt&quot;:&quot;right center&quot;,&quot;isRtl&quot;:false,&quot;scrollOffset&quot;:-50,&quot;scrollSpeed&quot;:800}\"><button class=\"quform-default-submit\" name=\"quform_submit\" type=\"submit\" value=\"submit\" aria-hidden=\"true\" tabindex=\"-1\"><\/button><div class=\"quform-form-inner quform-form-inner-6\"><input type=\"hidden\" name=\"quform_form_id\" value=\"6\" \/><input type=\"hidden\" name=\"quform_form_uid\" value=\"6f2f43\" \/><input type=\"hidden\" name=\"quform_count\" value=\"1\" \/><input type=\"hidden\" name=\"form_url\" value=\"https:\/\/www.kuvertdruckzurwerra.ch\/fr\/wp-json\/wp\/v2\/pages\/924\" \/><input type=\"hidden\" name=\"referring_url\" value=\"\" \/><input type=\"hidden\" name=\"post_id\" value=\"\" \/><input type=\"hidden\" name=\"post_title\" value=\"\" \/><input type=\"hidden\" name=\"quform_current_page_id\" value=\"1\" \/><input type=\"hidden\" name=\"quform_loaded\" value=\"1776484191|151afc6f40c582893091ab0b6e106004\" \/><input type=\"hidden\" name=\"quform_csrf_token\" value=\"njG3KQsnhTV3n4NiwV8bmyUEkOCfJtaKJ8eAEHYq\" \/><div class=\"quform-elements quform-elements-6 quform-cf quform-responsive-elements-phone-landscape\"><div class=\"quform-element quform-element-page quform-page-1 quform-page-6_1 quform-cf quform-group-style-plain quform-first-page quform-last-page quform-current-page\"><div class=\"quform-child-elements\"><div class=\"quform-element quform-element-text quform-element-6_3 quform-cf quform-element-required\"><div class=\"quform-spacer\"><div class=\"quform-label quform-label-6_3\"><label class=\"quform-label-text\" for=\"quform_6_3_6f2f43\">Nom<span class=\"quform-required\">*<\/span><\/label><\/div><div class=\"quform-inner quform-inner-text quform-inner-6_3\"><div class=\"quform-input quform-input-text quform-input-6_3 quform-cf\"><input type=\"text\" id=\"quform_6_3_6f2f43\" name=\"quform_6_3\" class=\"quform-field quform-field-text quform-field-6_3\" \/><\/div><\/div><\/div><\/div><div class=\"quform-element quform-element-text quform-element-6_4 quform-cf quform-element-required\"><div class=\"quform-spacer\"><div class=\"quform-label quform-label-6_4\"><label class=\"quform-label-text\" for=\"quform_6_4_6f2f43\">Pr\u00e9nom<span class=\"quform-required\">*<\/span><\/label><\/div><div class=\"quform-inner quform-inner-text quform-inner-6_4\"><div class=\"quform-input quform-input-text quform-input-6_4 quform-cf\"><input type=\"text\" id=\"quform_6_4_6f2f43\" name=\"quform_6_4\" class=\"quform-field quform-field-text quform-field-6_4\" \/><\/div><\/div><\/div><\/div><div class=\"quform-element quform-element-text quform-element-6_5 quform-cf quform-element-required\"><div class=\"quform-spacer\"><div class=\"quform-label quform-label-6_5\"><label class=\"quform-label-text\" for=\"quform_6_5_6f2f43\">Adresse<span class=\"quform-required\">*<\/span><\/label><\/div><div class=\"quform-inner quform-inner-text quform-inner-6_5\"><div class=\"quform-input quform-input-text quform-input-6_5 quform-cf\"><input type=\"text\" id=\"quform_6_5_6f2f43\" name=\"quform_6_5\" class=\"quform-field quform-field-text quform-field-6_5\" \/><\/div><\/div><\/div><\/div><div class=\"quform-element quform-element-textarea quform-element-6_172536 quform-sr-only quform-cf\" style=\"clip: rect(1px, 1px, 1px, 1px); clip-path: inset(50%); position: absolute !important; height: 1px; width: 1px; overflow: hidden;\"><div class=\"quform-spacer\"><div class=\"quform-label quform-label-6_172536\"><label class=\"quform-label-text\" for=\"quform_6_172536_6f2f43\">Phone Number<span class=\"quform-required\">*<\/span><\/label><\/div><div class=\"quform-inner quform-inner-6_172536\"><textarea id=\"quform_6_172536_6f2f43\" name=\"quform_6_172536\" class=\"quform-field quform-field-textarea quform-field-6_172536\" tabindex=\"-1\" autocomplete=\"new-password\"><\/textarea><\/div><\/div><\/div><div class=\"quform-element quform-element-text quform-element-6_6 quform-cf quform-element-required\"><div class=\"quform-spacer\"><div class=\"quform-label quform-label-6_6\"><label class=\"quform-label-text\" for=\"quform_6_6_6f2f43\">Code postal \/ ville<span class=\"quform-required\">*<\/span><\/label><\/div><div class=\"quform-inner quform-inner-text quform-inner-6_6\"><div class=\"quform-input quform-input-text quform-input-6_6 quform-cf\"><input type=\"text\" id=\"quform_6_6_6f2f43\" name=\"quform_6_6\" class=\"quform-field quform-field-text quform-field-6_6\" \/><\/div><\/div><\/div><\/div><div class=\"quform-element quform-element-text quform-element-6_7 quform-cf quform-element-required\"><div class=\"quform-spacer\"><div class=\"quform-label quform-label-6_7\"><label class=\"quform-label-text\" for=\"quform_6_7_6f2f43\">T\u00e9l\u00e9phone<span class=\"quform-required\">*<\/span><\/label><\/div><div class=\"quform-inner quform-inner-text quform-inner-6_7\"><div class=\"quform-input quform-input-text quform-input-6_7 quform-cf\"><input type=\"text\" id=\"quform_6_7_6f2f43\" name=\"quform_6_7\" class=\"quform-field quform-field-text quform-field-6_7\" \/><\/div><\/div><\/div><\/div><div class=\"quform-element quform-element-text quform-element-6_8 quform-cf quform-element-required\"><div class=\"quform-spacer\"><div class=\"quform-label quform-label-6_8\"><label class=\"quform-label-text\" for=\"quform_6_8_6f2f43\">E-mail<span class=\"quform-required\">*<\/span><\/label><\/div><div class=\"quform-inner quform-inner-text quform-inner-6_8\"><div class=\"quform-input quform-input-text quform-input-6_8 quform-cf\"><input type=\"text\" id=\"quform_6_8_6f2f43\" name=\"quform_6_8\" class=\"quform-field quform-field-text quform-field-6_8\" \/><\/div><\/div><\/div><\/div><div class=\"quform-element quform-element-select quform-element-6_10 quform-cf quform-element-required\"><div class=\"quform-spacer\"><div class=\"quform-label quform-label-6_10\"><label class=\"quform-label-text\" for=\"quform_6_10_6f2f43\">Choisissez le format<span class=\"quform-required\">*<\/span><\/label><\/div><div class=\"quform-inner quform-inner-select quform-inner-6_10\"><div class=\"quform-input quform-input-select quform-input-6_10 quform-cf\"><select id=\"quform_6_10_6f2f43\" name=\"quform_6_10\" class=\"quform-field quform-field-select quform-field-6_10\"><option value=\"\">Veuillez s\u00e9lectionner<\/option><option value=\"C6\" selected=\"selected\">C6<\/option><option value=\"C5\/6\">C5\/6<\/option><option value=\"C5\">C5<\/option><option value=\"C4\">C4<\/option><option value=\"B6\">B6<\/option><option value=\"B5\">B5<\/option><option value=\"B4\">B4<\/option><option value=\"autre\">autre<\/option><\/select><\/div><\/div><\/div><\/div><div class=\"quform-element quform-element-radio quform-element-6_11 quform-cf quform-element-required\"><div class=\"quform-spacer\"><div class=\"quform-inner quform-inner-radio quform-inner-6_11\"><div class=\"quform-input quform-input-radio quform-input-6_11 quform-cf\"><div class=\"quform-options quform-cf quform-options-block quform-options-simple\"><div class=\"quform-option\"><input type=\"radio\" name=\"quform_6_11\" id=\"quform_6_11_6f2f43_1\" class=\"quform-field quform-field-radio quform-field-6_11 quform-field-6_11_1\" value=\"Fen\u00eatre \u00e0 gauche\" \/><label for=\"quform_6_11_6f2f43_1\" class=\"quform-option-label quform-option-label-6_11_1\"><span class=\"quform-option-text\">Fen\u00eatre \u00e0 gauche<\/span><\/label><\/div><div class=\"quform-option\"><input type=\"radio\" name=\"quform_6_11\" id=\"quform_6_11_6f2f43_2\" class=\"quform-field quform-field-radio quform-field-6_11 quform-field-6_11_2\" value=\"Fen\u00eatre \u00e0 droite\" \/><label for=\"quform_6_11_6f2f43_2\" class=\"quform-option-label quform-option-label-6_11_2\"><span class=\"quform-option-text\">Fen\u00eatre \u00e0 droite<\/span><\/label><\/div><div class=\"quform-option\"><input type=\"radio\" name=\"quform_6_11\" id=\"quform_6_11_6f2f43_4\" class=\"quform-field quform-field-radio quform-field-6_11 quform-field-6_11_4\" value=\"sans fen\u00eatres\" \/><label for=\"quform_6_11_6f2f43_4\" class=\"quform-option-label quform-option-label-6_11_4\"><span class=\"quform-option-text\">sans fen\u00eatres<\/span><\/label><\/div><\/div><\/div><\/div><\/div><\/div><div class=\"quform-element quform-element-select quform-element-6_12 quform-cf quform-element-required\"><div class=\"quform-spacer\"><div class=\"quform-label quform-label-6_12\"><label class=\"quform-label-text\" for=\"quform_6_12_6f2f43\">S\u00e9lectionnez l'ex\u00e9cution<span class=\"quform-required\">*<\/span><\/label><\/div><div class=\"quform-inner quform-inner-select quform-inner-6_12\"><div class=\"quform-input quform-input-select quform-input-6_12 quform-cf\"><select id=\"quform_6_12_6f2f43\" name=\"quform_6_12\" class=\"quform-field quform-field-select quform-field-6_12\"><option value=\"\">Veuillez s\u00e9lectionner<\/option><option value=\"Imprim\u00e9 d&#039;un c\u00f4t\u00e9\" selected=\"selected\">Imprim\u00e9 d&#039;un c\u00f4t\u00e9<\/option><option value=\"Imprim\u00e9 recto verso\">Imprim\u00e9 recto verso<\/option><option value=\"non imprim\u00e9\">non imprim\u00e9<\/option><\/select><\/div><\/div><\/div><\/div><div class=\"quform-element quform-element-select quform-element-6_13 quform-cf quform-element-required\"><div class=\"quform-spacer\"><div class=\"quform-inner quform-inner-select quform-inner-6_13\"><div class=\"quform-input quform-input-select quform-input-6_13 quform-cf\"><select id=\"quform_6_13_6f2f43\" name=\"quform_6_13\" class=\"quform-field quform-field-select quform-field-6_13\"><option value=\"\">Veuillez s\u00e9lectionner<\/option><option value=\"1 couleur noir\" selected=\"selected\">1 couleur noir<\/option><option value=\"2 couleurs noir + color\u00e9\">2 couleurs noir + color\u00e9<\/option><option value=\"3 couleurs noir + 2x multicolore\">3 couleurs noir + 2x multicolore<\/option><option value=\"\u00c9chelle \u00e0 4 couleurs\">\u00c9chelle \u00e0 4 couleurs<\/option><\/select><\/div><\/div><\/div><\/div><div class=\"quform-element quform-element-text quform-element-6_15 quform-cf quform-element-optional\"><div class=\"quform-spacer\"><div class=\"quform-label quform-label-6_15\"><label class=\"quform-label-text\" for=\"quform_6_15_6f2f43\">Montant souhait\u00e9<\/label><\/div><div class=\"quform-inner quform-inner-text quform-inner-6_15\"><div class=\"quform-input quform-input-text quform-input-6_15 quform-cf\"><input type=\"text\" id=\"quform_6_15_6f2f43\" name=\"quform_6_15\" class=\"quform-field quform-field-text quform-field-6_15\" \/><\/div><\/div><\/div><\/div><div class=\"quform-element quform-element-textarea quform-element-6_14 quform-cf quform-element-optional\"><div class=\"quform-spacer\"><div class=\"quform-label quform-label-6_14\"><label class=\"quform-label-text\" for=\"quform_6_14_6f2f43\">Remarques<\/label><\/div><div class=\"quform-inner quform-inner-textarea quform-inner-6_14\"><div class=\"quform-input quform-input-textarea quform-input-6_14 quform-cf\"><textarea id=\"quform_6_14_6f2f43\" name=\"quform_6_14\" class=\"quform-field quform-field-textarea quform-field-6_14\"><\/textarea><\/div><\/div><\/div><\/div><div class=\"quform-element quform-element-checkbox quform-element-6_16 quform-cf quform-element-required\"><div class=\"quform-spacer\"><div class=\"quform-inner quform-inner-checkbox quform-inner-6_16\"><div class=\"quform-input quform-input-checkbox quform-input-6_16 quform-cf\"><div class=\"quform-options quform-cf quform-options-block quform-options-simple\"><div class=\"quform-option\"><input type=\"checkbox\" name=\"quform_6_16[]\" id=\"quform_6_16_6f2f43_1\" class=\"quform-field quform-field-checkbox quform-field-6_16 quform-field-6_16_1\" value=\"J&#039;ai lu et j&#039;accepte la &lt;a href=&quot;https:\/\/www.kuvertdruckzurwerra.ch\/fr\/datenschutz\/&quot; target=&quot;_Blank&quot;&gt;D\u00e9claration de confidentialit\u00e9&lt;\/a&gt;.\" \/><label for=\"quform_6_16_6f2f43_1\" class=\"quform-option-label quform-option-label-6_16_1\"><span class=\"quform-option-text\">J'ai lu et j'accepte la <a href=\"https:\/\/www.kuvertdruckzurwerra.ch\/fr\/datenschutz\/\" target=\"_Blank\">D\u00e9claration de confidentialit\u00e9<\/a>.<\/span><\/label><\/div><\/div><\/div><\/div><\/div><\/div><div class=\"quform-element quform-element-submit quform-element-6_2 quform-cf quform-button-style-theme\"><div class=\"quform-button-submit quform-button-submit-default quform-button-submit-6_2\"><button name=\"quform_submit\" type=\"submit\" class=\"quform-submit\" value=\"submit\"><span class=\"quform-button-text quform-button-submit-text\">Soumettre<\/span><\/button><\/div><div class=\"quform-loading quform-loading-position-left quform-loading-type-spinner-1\"><div class=\"quform-loading-inner\"><div class=\"quform-loading-spinner\"><div class=\"quform-loading-spinner-inner\"><\/div><\/div><\/div><\/div><\/div><\/div><\/div><\/div><\/div><\/form><\/div>\n","protected":false},"excerpt":{"rendered":"","protected":false},"author":1,"featured_media":0,"parent":0,"menu_order":0,"comment_status":"closed","ping_status":"closed","template":"offerte-template.php","meta":{"footnotes":""},"class_list":["post-924","page","type-page","status-publish","hentry"],"yoast_head":"<!-- This site is optimized with the Yoast SEO plugin v27.3 - https:\/\/yoast.com\/product\/yoast-seo-wordpress\/ -->\n<title>Calculateur d\u2018offres - Kuvertdruck Zurwerra<\/title>\n<meta name=\"robots\" content=\"index, follow, max-snippet:-1, max-image-preview:large, max-video-preview:-1\" \/>\n<link rel=\"canonical\" href=\"https:\/\/www.kuvertdruckzurwerra.ch\/fr\/calculateur-doffres\/\" \/>\n<meta property=\"og:locale\" content=\"fr_FR\" \/>\n<meta property=\"og:type\" content=\"article\" \/>\n<meta property=\"og:title\" content=\"Calculateur d\u2018offres - Kuvertdruck Zurwerra\" \/>\n<meta property=\"og:url\" content=\"https:\/\/www.kuvertdruckzurwerra.ch\/fr\/calculateur-doffres\/\" \/>\n<meta property=\"og:site_name\" content=\"Kuvertdruck Zurwerra\" \/>\n<meta property=\"article:modified_time\" content=\"2019-09-17T08:34:45+00:00\" \/>\n<meta name=\"twitter:card\" content=\"summary_large_image\" \/>\n<script type=\"application\/ld+json\" class=\"yoast-schema-graph\">{\"@context\":\"https:\\\/\\\/schema.org\",\"@graph\":[{\"@type\":\"WebPage\",\"@id\":\"https:\\\/\\\/www.kuvertdruckzurwerra.ch\\\/fr\\\/calculateur-doffres\\\/\",\"url\":\"https:\\\/\\\/www.kuvertdruckzurwerra.ch\\\/fr\\\/calculateur-doffres\\\/\",\"name\":\"Calculateur d\u2018offres - Kuvertdruck Zurwerra\",\"isPartOf\":{\"@id\":\"https:\\\/\\\/www.kuvertdruckzurwerra.ch\\\/#website\"},\"datePublished\":\"2019-09-17T08:33:42+00:00\",\"dateModified\":\"2019-09-17T08:34:45+00:00\",\"breadcrumb\":{\"@id\":\"https:\\\/\\\/www.kuvertdruckzurwerra.ch\\\/fr\\\/calculateur-doffres\\\/#breadcrumb\"},\"inLanguage\":\"fr-FR\",\"potentialAction\":[{\"@type\":\"ReadAction\",\"target\":[\"https:\\\/\\\/www.kuvertdruckzurwerra.ch\\\/fr\\\/calculateur-doffres\\\/\"]}]},{\"@type\":\"BreadcrumbList\",\"@id\":\"https:\\\/\\\/www.kuvertdruckzurwerra.ch\\\/fr\\\/calculateur-doffres\\\/#breadcrumb\",\"itemListElement\":[{\"@type\":\"ListItem\",\"position\":1,\"name\":\"Startseite\",\"item\":\"https:\\\/\\\/www.kuvertdruckzurwerra.ch\\\/fr\\\/\"},{\"@type\":\"ListItem\",\"position\":2,\"name\":\"Calculateur d\u2018offres\"}]},{\"@type\":\"WebSite\",\"@id\":\"https:\\\/\\\/www.kuvertdruckzurwerra.ch\\\/#website\",\"url\":\"https:\\\/\\\/www.kuvertdruckzurwerra.ch\\\/\",\"name\":\"Kuvertdruck Zurwerra\",\"description\":\"Kuvertdruck Zurwerra\",\"potentialAction\":[{\"@type\":\"SearchAction\",\"target\":{\"@type\":\"EntryPoint\",\"urlTemplate\":\"https:\\\/\\\/www.kuvertdruckzurwerra.ch\\\/?s={search_term_string}\"},\"query-input\":{\"@type\":\"PropertyValueSpecification\",\"valueRequired\":true,\"valueName\":\"search_term_string\"}}],\"inLanguage\":\"fr-FR\"}]}<\/script>\n<!-- \/ Yoast SEO plugin. -->","yoast_head_json":{"title":"Calculateur d\u2018offres - Kuvertdruck Zurwerra","robots":{"index":"index","follow":"follow","max-snippet":"max-snippet:-1","max-image-preview":"max-image-preview:large","max-video-preview":"max-video-preview:-1"},"canonical":"https:\/\/www.kuvertdruckzurwerra.ch\/fr\/calculateur-doffres\/","og_locale":"fr_FR","og_type":"article","og_title":"Calculateur d\u2018offres - Kuvertdruck Zurwerra","og_url":"https:\/\/www.kuvertdruckzurwerra.ch\/fr\/calculateur-doffres\/","og_site_name":"Kuvertdruck Zurwerra","article_modified_time":"2019-09-17T08:34:45+00:00","twitter_card":"summary_large_image","schema":{"@context":"https:\/\/schema.org","@graph":[{"@type":"WebPage","@id":"https:\/\/www.kuvertdruckzurwerra.ch\/fr\/calculateur-doffres\/","url":"https:\/\/www.kuvertdruckzurwerra.ch\/fr\/calculateur-doffres\/","name":"Calculateur d\u2018offres - Kuvertdruck Zurwerra","isPartOf":{"@id":"https:\/\/www.kuvertdruckzurwerra.ch\/#website"},"datePublished":"2019-09-17T08:33:42+00:00","dateModified":"2019-09-17T08:34:45+00:00","breadcrumb":{"@id":"https:\/\/www.kuvertdruckzurwerra.ch\/fr\/calculateur-doffres\/#breadcrumb"},"inLanguage":"fr-FR","potentialAction":[{"@type":"ReadAction","target":["https:\/\/www.kuvertdruckzurwerra.ch\/fr\/calculateur-doffres\/"]}]},{"@type":"BreadcrumbList","@id":"https:\/\/www.kuvertdruckzurwerra.ch\/fr\/calculateur-doffres\/#breadcrumb","itemListElement":[{"@type":"ListItem","position":1,"name":"Startseite","item":"https:\/\/www.kuvertdruckzurwerra.ch\/fr\/"},{"@type":"ListItem","position":2,"name":"Calculateur d\u2018offres"}]},{"@type":"WebSite","@id":"https:\/\/www.kuvertdruckzurwerra.ch\/#website","url":"https:\/\/www.kuvertdruckzurwerra.ch\/","name":"Kuvertdruck Zurwerra","description":"Kuvertdruck Zurwerra","potentialAction":[{"@type":"SearchAction","target":{"@type":"EntryPoint","urlTemplate":"https:\/\/www.kuvertdruckzurwerra.ch\/?s={search_term_string}"},"query-input":{"@type":"PropertyValueSpecification","valueRequired":true,"valueName":"search_term_string"}}],"inLanguage":"fr-FR"}]}},"_links":{"self":[{"href":"https:\/\/www.kuvertdruckzurwerra.ch\/fr\/wp-json\/wp\/v2\/pages\/924","targetHints":{"allow":["GET"]}}],"collection":[{"href":"https:\/\/www.kuvertdruckzurwerra.ch\/fr\/wp-json\/wp\/v2\/pages"}],"about":[{"href":"https:\/\/www.kuvertdruckzurwerra.ch\/fr\/wp-json\/wp\/v2\/types\/page"}],"author":[{"embeddable":true,"href":"https:\/\/www.kuvertdruckzurwerra.ch\/fr\/wp-json\/wp\/v2\/users\/1"}],"replies":[{"embeddable":true,"href":"https:\/\/www.kuvertdruckzurwerra.ch\/fr\/wp-json\/wp\/v2\/comments?post=924"}],"version-history":[{"count":2,"href":"https:\/\/www.kuvertdruckzurwerra.ch\/fr\/wp-json\/wp\/v2\/pages\/924\/revisions"}],"predecessor-version":[{"id":926,"href":"https:\/\/www.kuvertdruckzurwerra.ch\/fr\/wp-json\/wp\/v2\/pages\/924\/revisions\/926"}],"wp:attachment":[{"href":"https:\/\/www.kuvertdruckzurwerra.ch\/fr\/wp-json\/wp\/v2\/media?parent=924"}],"curies":[{"name":"wp","href":"https:\/\/api.w.org\/{rel}","templated":true}]}}