{"id":908,"date":"2019-09-16T13:20:59","date_gmt":"2019-09-16T13:20:59","guid":{"rendered":"https:\/\/www.kuvertdruckzurwerra.ch\/?page_id=908"},"modified":"2019-09-17T08:24:47","modified_gmt":"2019-09-17T08:24:47","slug":"impression-denveloppes","status":"publish","type":"page","link":"https:\/\/www.kuvertdruckzurwerra.ch\/fr\/impression-denveloppes\/","title":{"rendered":"Impression d\u2019enveloppes"},"content":{"rendered":"<p><strong>Notre sp\u00e9cialit\u00e9 &#8211; Impression d\u2019enveloppes:<\/strong><\/p>\n<p>Tout le monde peut imprimer des enveloppes. Nous nous sommes sp\u00e9cialis\u00e9s dans ce domaine. Comme chacun devrait faire ce qu\u2019il sait faire le mieux, nous conseillons, cr\u00e9ons, concevons et produisons pour vous les services en rapport avec les enveloppes. Cette concentration vous donne droit \u00e0 certains avantages : gr\u00e2ce \u00e0 notre exp\u00e9rience, nos connaissances et notre infrastructure, la pr\u00e9sentation de vos enveloppes ne conna\u00eet plus de fronti\u00e8res, qu\u2019il s\u2019agisse du type, du design, sans oublier bien s\u00fbr le prix.<\/p>\n<p>Les collections des fabricants contemporains d\u2019enveloppes offrent aujourd\u2019hui pour votre communication d\u2019entreprise des possibilit\u00e9s pratiquement illimit\u00e9es. Des formats surprenants, des mat\u00e9riaux imprim\u00e9s qu\u2019ils soient blancs ou en couleur, des r\u00e9alisations les plus diverses diff\u00e9remment structur\u00e9es ou m\u00eame transparentes et des fabrications sp\u00e9ciales et personnalis\u00e9es contribuent aujourd\u2019hui \u00e0 faire de vos enveloppes un instrument de vente efficace pour vous et vos concepteurs.<\/p>\n","protected":false},"excerpt":{"rendered":"<p>Notre sp\u00e9cialit\u00e9 &#8211; Impression d\u2019enveloppes: Tout le monde peut imprimer des enveloppes. Nous nous sommes sp\u00e9cialis\u00e9s dans ce domaine. Comme chacun devrait faire ce qu\u2019il [&hellip;]<\/p>\n","protected":false},"author":1,"featured_media":911,"parent":0,"menu_order":0,"comment_status":"closed","ping_status":"closed","template":"unterseite-template.php","meta":{"footnotes":""},"class_list":["post-908","page","type-page","status-publish","has-post-thumbnail","hentry"],"yoast_head":"<!-- This site is optimized with the Yoast SEO plugin v27.3 - https:\/\/yoast.com\/product\/yoast-seo-wordpress\/ -->\n<title>Impression d\u2019enveloppes - Kuvertdruck Zurwerra<\/title>\n<meta name=\"robots\" content=\"index, follow, max-snippet:-1, max-image-preview:large, max-video-preview:-1\" \/>\n<link rel=\"canonical\" href=\"https:\/\/www.kuvertdruckzurwerra.ch\/fr\/impression-denveloppes\/\" \/>\n<meta property=\"og:locale\" content=\"fr_FR\" \/>\n<meta property=\"og:type\" content=\"article\" \/>\n<meta property=\"og:title\" content=\"Impression d\u2019enveloppes - Kuvertdruck Zurwerra\" \/>\n<meta property=\"og:description\" content=\"Notre sp\u00e9cialit\u00e9 &#8211; Impression d\u2019enveloppes: Tout le monde peut imprimer des enveloppes. Nous nous sommes sp\u00e9cialis\u00e9s dans ce domaine. Comme chacun devrait faire ce qu\u2019il [&hellip;]\" \/>\n<meta property=\"og:url\" content=\"https:\/\/www.kuvertdruckzurwerra.ch\/fr\/impression-denveloppes\/\" \/>\n<meta property=\"og:site_name\" content=\"Kuvertdruck Zurwerra\" \/>\n<meta property=\"article:modified_time\" content=\"2019-09-17T08:24:47+00:00\" \/>\n<meta property=\"og:image\" content=\"https:\/\/www.kuvertdruckzurwerra.ch\/wp-content\/uploads\/2019\/05\/Kuvertdruck-Zurwerra-AG-Kuvertdruck-1.jpg\" \/>\n\t<meta property=\"og:image:width\" content=\"1620\" \/>\n\t<meta property=\"og:image:height\" content=\"1080\" \/>\n\t<meta property=\"og:image:type\" content=\"image\/jpeg\" \/>\n<meta name=\"twitter:card\" content=\"summary_large_image\" \/>\n<meta name=\"twitter:label1\" content=\"Dur\u00e9e de lecture estim\u00e9e\" \/>\n\t<meta name=\"twitter:data1\" content=\"1 minute\" \/>\n<script type=\"application\/ld+json\" class=\"yoast-schema-graph\">{\"@context\":\"https:\\\/\\\/schema.org\",\"@graph\":[{\"@type\":\"WebPage\",\"@id\":\"https:\\\/\\\/www.kuvertdruckzurwerra.ch\\\/fr\\\/impression-denveloppes\\\/\",\"url\":\"https:\\\/\\\/www.kuvertdruckzurwerra.ch\\\/fr\\\/impression-denveloppes\\\/\",\"name\":\"Impression d\u2019enveloppes - Kuvertdruck Zurwerra\",\"isPartOf\":{\"@id\":\"https:\\\/\\\/www.kuvertdruckzurwerra.ch\\\/#website\"},\"primaryImageOfPage\":{\"@id\":\"https:\\\/\\\/www.kuvertdruckzurwerra.ch\\\/fr\\\/impression-denveloppes\\\/#primaryimage\"},\"image\":{\"@id\":\"https:\\\/\\\/www.kuvertdruckzurwerra.ch\\\/fr\\\/impression-denveloppes\\\/#primaryimage\"},\"thumbnailUrl\":\"https:\\\/\\\/www.kuvertdruckzurwerra.ch\\\/wp-content\\\/uploads\\\/2019\\\/05\\\/Kuvertdruck-Zurwerra-AG-Kuvertdruck-1.jpg\",\"datePublished\":\"2019-09-16T13:20:59+00:00\",\"dateModified\":\"2019-09-17T08:24:47+00:00\",\"breadcrumb\":{\"@id\":\"https:\\\/\\\/www.kuvertdruckzurwerra.ch\\\/fr\\\/impression-denveloppes\\\/#breadcrumb\"},\"inLanguage\":\"fr-FR\",\"potentialAction\":[{\"@type\":\"ReadAction\",\"target\":[\"https:\\\/\\\/www.kuvertdruckzurwerra.ch\\\/fr\\\/impression-denveloppes\\\/\"]}]},{\"@type\":\"ImageObject\",\"inLanguage\":\"fr-FR\",\"@id\":\"https:\\\/\\\/www.kuvertdruckzurwerra.ch\\\/fr\\\/impression-denveloppes\\\/#primaryimage\",\"url\":\"https:\\\/\\\/www.kuvertdruckzurwerra.ch\\\/wp-content\\\/uploads\\\/2019\\\/05\\\/Kuvertdruck-Zurwerra-AG-Kuvertdruck-1.jpg\",\"contentUrl\":\"https:\\\/\\\/www.kuvertdruckzurwerra.ch\\\/wp-content\\\/uploads\\\/2019\\\/05\\\/Kuvertdruck-Zurwerra-AG-Kuvertdruck-1.jpg\",\"width\":1620,\"height\":1080},{\"@type\":\"BreadcrumbList\",\"@id\":\"https:\\\/\\\/www.kuvertdruckzurwerra.ch\\\/fr\\\/impression-denveloppes\\\/#breadcrumb\",\"itemListElement\":[{\"@type\":\"ListItem\",\"position\":1,\"name\":\"Startseite\",\"item\":\"https:\\\/\\\/www.kuvertdruckzurwerra.ch\\\/fr\\\/\"},{\"@type\":\"ListItem\",\"position\":2,\"name\":\"Impression d\u2019enveloppes\"}]},{\"@type\":\"WebSite\",\"@id\":\"https:\\\/\\\/www.kuvertdruckzurwerra.ch\\\/#website\",\"url\":\"https:\\\/\\\/www.kuvertdruckzurwerra.ch\\\/\",\"name\":\"Kuvertdruck Zurwerra\",\"description\":\"Kuvertdruck Zurwerra\",\"potentialAction\":[{\"@type\":\"SearchAction\",\"target\":{\"@type\":\"EntryPoint\",\"urlTemplate\":\"https:\\\/\\\/www.kuvertdruckzurwerra.ch\\\/?s={search_term_string}\"},\"query-input\":{\"@type\":\"PropertyValueSpecification\",\"valueRequired\":true,\"valueName\":\"search_term_string\"}}],\"inLanguage\":\"fr-FR\"}]}<\/script>\n<!-- \/ Yoast SEO plugin. -->","yoast_head_json":{"title":"Impression d\u2019enveloppes - Kuvertdruck Zurwerra","robots":{"index":"index","follow":"follow","max-snippet":"max-snippet:-1","max-image-preview":"max-image-preview:large","max-video-preview":"max-video-preview:-1"},"canonical":"https:\/\/www.kuvertdruckzurwerra.ch\/fr\/impression-denveloppes\/","og_locale":"fr_FR","og_type":"article","og_title":"Impression d\u2019enveloppes - Kuvertdruck Zurwerra","og_description":"Notre sp\u00e9cialit\u00e9 &#8211; Impression d\u2019enveloppes: Tout le monde peut imprimer des enveloppes. Nous nous sommes sp\u00e9cialis\u00e9s dans ce domaine. Comme chacun devrait faire ce qu\u2019il [&hellip;]","og_url":"https:\/\/www.kuvertdruckzurwerra.ch\/fr\/impression-denveloppes\/","og_site_name":"Kuvertdruck Zurwerra","article_modified_time":"2019-09-17T08:24:47+00:00","og_image":[{"width":1620,"height":1080,"url":"https:\/\/www.kuvertdruckzurwerra.ch\/wp-content\/uploads\/2019\/05\/Kuvertdruck-Zurwerra-AG-Kuvertdruck-1.jpg","type":"image\/jpeg"}],"twitter_card":"summary_large_image","twitter_misc":{"Dur\u00e9e de lecture estim\u00e9e":"1 minute"},"schema":{"@context":"https:\/\/schema.org","@graph":[{"@type":"WebPage","@id":"https:\/\/www.kuvertdruckzurwerra.ch\/fr\/impression-denveloppes\/","url":"https:\/\/www.kuvertdruckzurwerra.ch\/fr\/impression-denveloppes\/","name":"Impression d\u2019enveloppes - Kuvertdruck Zurwerra","isPartOf":{"@id":"https:\/\/www.kuvertdruckzurwerra.ch\/#website"},"primaryImageOfPage":{"@id":"https:\/\/www.kuvertdruckzurwerra.ch\/fr\/impression-denveloppes\/#primaryimage"},"image":{"@id":"https:\/\/www.kuvertdruckzurwerra.ch\/fr\/impression-denveloppes\/#primaryimage"},"thumbnailUrl":"https:\/\/www.kuvertdruckzurwerra.ch\/wp-content\/uploads\/2019\/05\/Kuvertdruck-Zurwerra-AG-Kuvertdruck-1.jpg","datePublished":"2019-09-16T13:20:59+00:00","dateModified":"2019-09-17T08:24:47+00:00","breadcrumb":{"@id":"https:\/\/www.kuvertdruckzurwerra.ch\/fr\/impression-denveloppes\/#breadcrumb"},"inLanguage":"fr-FR","potentialAction":[{"@type":"ReadAction","target":["https:\/\/www.kuvertdruckzurwerra.ch\/fr\/impression-denveloppes\/"]}]},{"@type":"ImageObject","inLanguage":"fr-FR","@id":"https:\/\/www.kuvertdruckzurwerra.ch\/fr\/impression-denveloppes\/#primaryimage","url":"https:\/\/www.kuvertdruckzurwerra.ch\/wp-content\/uploads\/2019\/05\/Kuvertdruck-Zurwerra-AG-Kuvertdruck-1.jpg","contentUrl":"https:\/\/www.kuvertdruckzurwerra.ch\/wp-content\/uploads\/2019\/05\/Kuvertdruck-Zurwerra-AG-Kuvertdruck-1.jpg","width":1620,"height":1080},{"@type":"BreadcrumbList","@id":"https:\/\/www.kuvertdruckzurwerra.ch\/fr\/impression-denveloppes\/#breadcrumb","itemListElement":[{"@type":"ListItem","position":1,"name":"Startseite","item":"https:\/\/www.kuvertdruckzurwerra.ch\/fr\/"},{"@type":"ListItem","position":2,"name":"Impression d\u2019enveloppes"}]},{"@type":"WebSite","@id":"https:\/\/www.kuvertdruckzurwerra.ch\/#website","url":"https:\/\/www.kuvertdruckzurwerra.ch\/","name":"Kuvertdruck Zurwerra","description":"Kuvertdruck Zurwerra","potentialAction":[{"@type":"SearchAction","target":{"@type":"EntryPoint","urlTemplate":"https:\/\/www.kuvertdruckzurwerra.ch\/?s={search_term_string}"},"query-input":{"@type":"PropertyValueSpecification","valueRequired":true,"valueName":"search_term_string"}}],"inLanguage":"fr-FR"}]}},"_links":{"self":[{"href":"https:\/\/www.kuvertdruckzurwerra.ch\/fr\/wp-json\/wp\/v2\/pages\/908","targetHints":{"allow":["GET"]}}],"collection":[{"href":"https:\/\/www.kuvertdruckzurwerra.ch\/fr\/wp-json\/wp\/v2\/pages"}],"about":[{"href":"https:\/\/www.kuvertdruckzurwerra.ch\/fr\/wp-json\/wp\/v2\/types\/page"}],"author":[{"embeddable":true,"href":"https:\/\/www.kuvertdruckzurwerra.ch\/fr\/wp-json\/wp\/v2\/users\/1"}],"replies":[{"embeddable":true,"href":"https:\/\/www.kuvertdruckzurwerra.ch\/fr\/wp-json\/wp\/v2\/comments?post=908"}],"version-history":[{"count":2,"href":"https:\/\/www.kuvertdruckzurwerra.ch\/fr\/wp-json\/wp\/v2\/pages\/908\/revisions"}],"predecessor-version":[{"id":912,"href":"https:\/\/www.kuvertdruckzurwerra.ch\/fr\/wp-json\/wp\/v2\/pages\/908\/revisions\/912"}],"wp:featuredmedia":[{"embeddable":true,"href":"https:\/\/www.kuvertdruckzurwerra.ch\/fr\/wp-json\/wp\/v2\/media\/911"}],"wp:attachment":[{"href":"https:\/\/www.kuvertdruckzurwerra.ch\/fr\/wp-json\/wp\/v2\/media?parent=908"}],"curies":[{"name":"wp","href":"https:\/\/api.w.org\/{rel}","templated":true}]}}