{"id":906,"date":"2019-09-16T13:18:36","date_gmt":"2019-09-16T13:18:36","guid":{"rendered":"https:\/\/www.kuvertdruckzurwerra.ch\/?page_id=906"},"modified":"2019-09-17T08:25:59","modified_gmt":"2019-09-17T08:25:59","slug":"stockage-et-livraison","status":"publish","type":"page","link":"https:\/\/www.kuvertdruckzurwerra.ch\/fr\/stockage-et-livraison\/","title":{"rendered":"Stockage et livraison"},"content":{"rendered":"<p>Nous mettons \u00e0 la disposition de nos clients des emplacements de stockage que vous pouvez tr\u00e8s simplement g\u00e9rer gr\u00e2ce \u00e0 un syst\u00e8me de gestion de marchandise en ligne. Vos imprim\u00e9s sont stock\u00e9s dans les meilleures conditions. Vous \u00e9conomisez de la place et conservez \u00e0 tout moment une vue d\u2019ensemble exacte de l\u2019\u00e9tat de votre stock.<\/p>\n<p>Nous assurons une livraison gratuite \u00e0 domicile dans les d\u00e9lais impartis. \u00a0Vous pouvez stocker votre marchandise chez nous et l\u2019exp\u00e9dier facilement de votre entreprise ou en d\u00e9placement \u00e0 l\u2019adresse souhait\u00e9e gr\u00e2ce \u00e0 notre outil de gestion de stock.<\/p>\n","protected":false},"excerpt":{"rendered":"<p>Nous mettons \u00e0 la disposition de nos clients des emplacements de stockage que vous pouvez tr\u00e8s simplement g\u00e9rer gr\u00e2ce \u00e0 un syst\u00e8me de gestion de [&hellip;]<\/p>\n","protected":false},"author":1,"featured_media":721,"parent":0,"menu_order":0,"comment_status":"closed","ping_status":"closed","template":"unterseite-template.php","meta":{"footnotes":""},"class_list":["post-906","page","type-page","status-publish","has-post-thumbnail","hentry"],"yoast_head":"<!-- This site is optimized with the Yoast SEO plugin v27.3 - https:\/\/yoast.com\/product\/yoast-seo-wordpress\/ -->\n<title>Stockage et livraison - Kuvertdruck Zurwerra<\/title>\n<meta name=\"robots\" content=\"index, follow, max-snippet:-1, max-image-preview:large, max-video-preview:-1\" \/>\n<link rel=\"canonical\" href=\"https:\/\/www.kuvertdruckzurwerra.ch\/fr\/stockage-et-livraison\/\" \/>\n<meta property=\"og:locale\" content=\"fr_FR\" \/>\n<meta property=\"og:type\" content=\"article\" \/>\n<meta property=\"og:title\" content=\"Stockage et livraison - Kuvertdruck Zurwerra\" \/>\n<meta property=\"og:description\" content=\"Nous mettons \u00e0 la disposition de nos clients des emplacements de stockage que vous pouvez tr\u00e8s simplement g\u00e9rer gr\u00e2ce \u00e0 un syst\u00e8me de gestion de [&hellip;]\" \/>\n<meta property=\"og:url\" content=\"https:\/\/www.kuvertdruckzurwerra.ch\/fr\/stockage-et-livraison\/\" \/>\n<meta property=\"og:site_name\" content=\"Kuvertdruck Zurwerra\" \/>\n<meta property=\"article:modified_time\" content=\"2019-09-17T08:25:59+00:00\" \/>\n<meta property=\"og:image\" content=\"https:\/\/www.kuvertdruckzurwerra.ch\/wp-content\/uploads\/2019\/04\/3904002.004_KuvertdruckZurwerraAG_151.jpg\" \/>\n\t<meta property=\"og:image:width\" content=\"1620\" \/>\n\t<meta property=\"og:image:height\" content=\"1080\" \/>\n\t<meta property=\"og:image:type\" content=\"image\/jpeg\" \/>\n<meta name=\"twitter:card\" content=\"summary_large_image\" \/>\n<meta name=\"twitter:label1\" content=\"Dur\u00e9e de lecture estim\u00e9e\" \/>\n\t<meta name=\"twitter:data1\" content=\"1 minute\" \/>\n<script type=\"application\/ld+json\" class=\"yoast-schema-graph\">{\"@context\":\"https:\\\/\\\/schema.org\",\"@graph\":[{\"@type\":\"WebPage\",\"@id\":\"https:\\\/\\\/www.kuvertdruckzurwerra.ch\\\/fr\\\/stockage-et-livraison\\\/\",\"url\":\"https:\\\/\\\/www.kuvertdruckzurwerra.ch\\\/fr\\\/stockage-et-livraison\\\/\",\"name\":\"Stockage et livraison - Kuvertdruck Zurwerra\",\"isPartOf\":{\"@id\":\"https:\\\/\\\/www.kuvertdruckzurwerra.ch\\\/#website\"},\"primaryImageOfPage\":{\"@id\":\"https:\\\/\\\/www.kuvertdruckzurwerra.ch\\\/fr\\\/stockage-et-livraison\\\/#primaryimage\"},\"image\":{\"@id\":\"https:\\\/\\\/www.kuvertdruckzurwerra.ch\\\/fr\\\/stockage-et-livraison\\\/#primaryimage\"},\"thumbnailUrl\":\"https:\\\/\\\/www.kuvertdruckzurwerra.ch\\\/wp-content\\\/uploads\\\/2019\\\/04\\\/3904002.004_KuvertdruckZurwerraAG_151.jpg\",\"datePublished\":\"2019-09-16T13:18:36+00:00\",\"dateModified\":\"2019-09-17T08:25:59+00:00\",\"breadcrumb\":{\"@id\":\"https:\\\/\\\/www.kuvertdruckzurwerra.ch\\\/fr\\\/stockage-et-livraison\\\/#breadcrumb\"},\"inLanguage\":\"fr-FR\",\"potentialAction\":[{\"@type\":\"ReadAction\",\"target\":[\"https:\\\/\\\/www.kuvertdruckzurwerra.ch\\\/fr\\\/stockage-et-livraison\\\/\"]}]},{\"@type\":\"ImageObject\",\"inLanguage\":\"fr-FR\",\"@id\":\"https:\\\/\\\/www.kuvertdruckzurwerra.ch\\\/fr\\\/stockage-et-livraison\\\/#primaryimage\",\"url\":\"https:\\\/\\\/www.kuvertdruckzurwerra.ch\\\/wp-content\\\/uploads\\\/2019\\\/04\\\/3904002.004_KuvertdruckZurwerraAG_151.jpg\",\"contentUrl\":\"https:\\\/\\\/www.kuvertdruckzurwerra.ch\\\/wp-content\\\/uploads\\\/2019\\\/04\\\/3904002.004_KuvertdruckZurwerraAG_151.jpg\",\"width\":1620,\"height\":1080},{\"@type\":\"BreadcrumbList\",\"@id\":\"https:\\\/\\\/www.kuvertdruckzurwerra.ch\\\/fr\\\/stockage-et-livraison\\\/#breadcrumb\",\"itemListElement\":[{\"@type\":\"ListItem\",\"position\":1,\"name\":\"Startseite\",\"item\":\"https:\\\/\\\/www.kuvertdruckzurwerra.ch\\\/fr\\\/\"},{\"@type\":\"ListItem\",\"position\":2,\"name\":\"Stockage et livraison\"}]},{\"@type\":\"WebSite\",\"@id\":\"https:\\\/\\\/www.kuvertdruckzurwerra.ch\\\/#website\",\"url\":\"https:\\\/\\\/www.kuvertdruckzurwerra.ch\\\/\",\"name\":\"Kuvertdruck Zurwerra\",\"description\":\"Kuvertdruck Zurwerra\",\"potentialAction\":[{\"@type\":\"SearchAction\",\"target\":{\"@type\":\"EntryPoint\",\"urlTemplate\":\"https:\\\/\\\/www.kuvertdruckzurwerra.ch\\\/?s={search_term_string}\"},\"query-input\":{\"@type\":\"PropertyValueSpecification\",\"valueRequired\":true,\"valueName\":\"search_term_string\"}}],\"inLanguage\":\"fr-FR\"}]}<\/script>\n<!-- \/ Yoast SEO plugin. -->","yoast_head_json":{"title":"Stockage et livraison - Kuvertdruck Zurwerra","robots":{"index":"index","follow":"follow","max-snippet":"max-snippet:-1","max-image-preview":"max-image-preview:large","max-video-preview":"max-video-preview:-1"},"canonical":"https:\/\/www.kuvertdruckzurwerra.ch\/fr\/stockage-et-livraison\/","og_locale":"fr_FR","og_type":"article","og_title":"Stockage et livraison - Kuvertdruck Zurwerra","og_description":"Nous mettons \u00e0 la disposition de nos clients des emplacements de stockage que vous pouvez tr\u00e8s simplement g\u00e9rer gr\u00e2ce \u00e0 un syst\u00e8me de gestion de [&hellip;]","og_url":"https:\/\/www.kuvertdruckzurwerra.ch\/fr\/stockage-et-livraison\/","og_site_name":"Kuvertdruck Zurwerra","article_modified_time":"2019-09-17T08:25:59+00:00","og_image":[{"width":1620,"height":1080,"url":"https:\/\/www.kuvertdruckzurwerra.ch\/wp-content\/uploads\/2019\/04\/3904002.004_KuvertdruckZurwerraAG_151.jpg","type":"image\/jpeg"}],"twitter_card":"summary_large_image","twitter_misc":{"Dur\u00e9e de lecture estim\u00e9e":"1 minute"},"schema":{"@context":"https:\/\/schema.org","@graph":[{"@type":"WebPage","@id":"https:\/\/www.kuvertdruckzurwerra.ch\/fr\/stockage-et-livraison\/","url":"https:\/\/www.kuvertdruckzurwerra.ch\/fr\/stockage-et-livraison\/","name":"Stockage et livraison - Kuvertdruck Zurwerra","isPartOf":{"@id":"https:\/\/www.kuvertdruckzurwerra.ch\/#website"},"primaryImageOfPage":{"@id":"https:\/\/www.kuvertdruckzurwerra.ch\/fr\/stockage-et-livraison\/#primaryimage"},"image":{"@id":"https:\/\/www.kuvertdruckzurwerra.ch\/fr\/stockage-et-livraison\/#primaryimage"},"thumbnailUrl":"https:\/\/www.kuvertdruckzurwerra.ch\/wp-content\/uploads\/2019\/04\/3904002.004_KuvertdruckZurwerraAG_151.jpg","datePublished":"2019-09-16T13:18:36+00:00","dateModified":"2019-09-17T08:25:59+00:00","breadcrumb":{"@id":"https:\/\/www.kuvertdruckzurwerra.ch\/fr\/stockage-et-livraison\/#breadcrumb"},"inLanguage":"fr-FR","potentialAction":[{"@type":"ReadAction","target":["https:\/\/www.kuvertdruckzurwerra.ch\/fr\/stockage-et-livraison\/"]}]},{"@type":"ImageObject","inLanguage":"fr-FR","@id":"https:\/\/www.kuvertdruckzurwerra.ch\/fr\/stockage-et-livraison\/#primaryimage","url":"https:\/\/www.kuvertdruckzurwerra.ch\/wp-content\/uploads\/2019\/04\/3904002.004_KuvertdruckZurwerraAG_151.jpg","contentUrl":"https:\/\/www.kuvertdruckzurwerra.ch\/wp-content\/uploads\/2019\/04\/3904002.004_KuvertdruckZurwerraAG_151.jpg","width":1620,"height":1080},{"@type":"BreadcrumbList","@id":"https:\/\/www.kuvertdruckzurwerra.ch\/fr\/stockage-et-livraison\/#breadcrumb","itemListElement":[{"@type":"ListItem","position":1,"name":"Startseite","item":"https:\/\/www.kuvertdruckzurwerra.ch\/fr\/"},{"@type":"ListItem","position":2,"name":"Stockage et livraison"}]},{"@type":"WebSite","@id":"https:\/\/www.kuvertdruckzurwerra.ch\/#website","url":"https:\/\/www.kuvertdruckzurwerra.ch\/","name":"Kuvertdruck Zurwerra","description":"Kuvertdruck Zurwerra","potentialAction":[{"@type":"SearchAction","target":{"@type":"EntryPoint","urlTemplate":"https:\/\/www.kuvertdruckzurwerra.ch\/?s={search_term_string}"},"query-input":{"@type":"PropertyValueSpecification","valueRequired":true,"valueName":"search_term_string"}}],"inLanguage":"fr-FR"}]}},"_links":{"self":[{"href":"https:\/\/www.kuvertdruckzurwerra.ch\/fr\/wp-json\/wp\/v2\/pages\/906","targetHints":{"allow":["GET"]}}],"collection":[{"href":"https:\/\/www.kuvertdruckzurwerra.ch\/fr\/wp-json\/wp\/v2\/pages"}],"about":[{"href":"https:\/\/www.kuvertdruckzurwerra.ch\/fr\/wp-json\/wp\/v2\/types\/page"}],"author":[{"embeddable":true,"href":"https:\/\/www.kuvertdruckzurwerra.ch\/fr\/wp-json\/wp\/v2\/users\/1"}],"replies":[{"embeddable":true,"href":"https:\/\/www.kuvertdruckzurwerra.ch\/fr\/wp-json\/wp\/v2\/comments?post=906"}],"version-history":[{"count":1,"href":"https:\/\/www.kuvertdruckzurwerra.ch\/fr\/wp-json\/wp\/v2\/pages\/906\/revisions"}],"predecessor-version":[{"id":907,"href":"https:\/\/www.kuvertdruckzurwerra.ch\/fr\/wp-json\/wp\/v2\/pages\/906\/revisions\/907"}],"wp:featuredmedia":[{"embeddable":true,"href":"https:\/\/www.kuvertdruckzurwerra.ch\/fr\/wp-json\/wp\/v2\/media\/721"}],"wp:attachment":[{"href":"https:\/\/www.kuvertdruckzurwerra.ch\/fr\/wp-json\/wp\/v2\/media?parent=906"}],"curies":[{"name":"wp","href":"https:\/\/api.w.org\/{rel}","templated":true}]}}