{"id":869,"date":"2019-09-16T13:13:11","date_gmt":"2019-09-16T13:13:11","guid":{"rendered":"https:\/\/www.kuvertdruckzurwerra.ch\/?page_id=869"},"modified":"2019-09-19T08:09:53","modified_gmt":"2019-09-19T08:09:53","slug":"notre-equipe","status":"publish","type":"page","link":"https:\/\/www.kuvertdruckzurwerra.ch\/fr\/notre-equipe\/","title":{"rendered":"Notre \u00e9quipe"},"content":{"rendered":"<p>L\u2019\u00e9quipe exp\u00e9riment\u00e9e de Kuvertdruck Zurwerra AG \u00e0 Naters est \u00e0 votre disposition. Les possibilit\u00e9s techniques actuelles sont sans limites en mati\u00e8re d\u2019impression d\u2019enveloppes. N\u2019h\u00e9sitez pas, nous nous ferons un plaisir de vous renseigner.<\/p>\n","protected":false},"excerpt":{"rendered":"<p>L\u2019\u00e9quipe exp\u00e9riment\u00e9e de Kuvertdruck Zurwerra AG \u00e0 Naters est \u00e0 votre disposition. Les possibilit\u00e9s techniques actuelles sont sans limites en mati\u00e8re d\u2019impression d\u2019enveloppes. N\u2019h\u00e9sitez pas, [&hellip;]<\/p>\n","protected":false},"author":1,"featured_media":0,"parent":0,"menu_order":0,"comment_status":"closed","ping_status":"closed","template":"team-template.php","meta":{"footnotes":""},"class_list":["post-869","page","type-page","status-publish","hentry"],"yoast_head":"<!-- This site is optimized with the Yoast SEO plugin v27.3 - https:\/\/yoast.com\/product\/yoast-seo-wordpress\/ -->\n<title>Notre \u00e9quipe - Kuvertdruck Zurwerra<\/title>\n<meta name=\"robots\" content=\"index, follow, max-snippet:-1, max-image-preview:large, max-video-preview:-1\" \/>\n<link rel=\"canonical\" href=\"https:\/\/www.kuvertdruckzurwerra.ch\/fr\/notre-equipe\/\" \/>\n<meta property=\"og:locale\" content=\"fr_FR\" \/>\n<meta property=\"og:type\" content=\"article\" \/>\n<meta property=\"og:title\" content=\"Notre \u00e9quipe - Kuvertdruck Zurwerra\" \/>\n<meta property=\"og:description\" content=\"L\u2019\u00e9quipe exp\u00e9riment\u00e9e de Kuvertdruck Zurwerra AG \u00e0 Naters est \u00e0 votre disposition. Les possibilit\u00e9s techniques actuelles sont sans limites en mati\u00e8re d\u2019impression d\u2019enveloppes. N\u2019h\u00e9sitez pas, [&hellip;]\" \/>\n<meta property=\"og:url\" content=\"https:\/\/www.kuvertdruckzurwerra.ch\/fr\/notre-equipe\/\" \/>\n<meta property=\"og:site_name\" content=\"Kuvertdruck Zurwerra\" \/>\n<meta property=\"article:modified_time\" content=\"2019-09-19T08:09:53+00:00\" \/>\n<meta name=\"twitter:card\" content=\"summary_large_image\" \/>\n<script type=\"application\/ld+json\" class=\"yoast-schema-graph\">{\"@context\":\"https:\\\/\\\/schema.org\",\"@graph\":[{\"@type\":\"WebPage\",\"@id\":\"https:\\\/\\\/www.kuvertdruckzurwerra.ch\\\/fr\\\/notre-equipe\\\/\",\"url\":\"https:\\\/\\\/www.kuvertdruckzurwerra.ch\\\/fr\\\/notre-equipe\\\/\",\"name\":\"Notre \u00e9quipe - Kuvertdruck Zurwerra\",\"isPartOf\":{\"@id\":\"https:\\\/\\\/www.kuvertdruckzurwerra.ch\\\/#website\"},\"datePublished\":\"2019-09-16T13:13:11+00:00\",\"dateModified\":\"2019-09-19T08:09:53+00:00\",\"breadcrumb\":{\"@id\":\"https:\\\/\\\/www.kuvertdruckzurwerra.ch\\\/fr\\\/notre-equipe\\\/#breadcrumb\"},\"inLanguage\":\"fr-FR\",\"potentialAction\":[{\"@type\":\"ReadAction\",\"target\":[\"https:\\\/\\\/www.kuvertdruckzurwerra.ch\\\/fr\\\/notre-equipe\\\/\"]}]},{\"@type\":\"BreadcrumbList\",\"@id\":\"https:\\\/\\\/www.kuvertdruckzurwerra.ch\\\/fr\\\/notre-equipe\\\/#breadcrumb\",\"itemListElement\":[{\"@type\":\"ListItem\",\"position\":1,\"name\":\"Startseite\",\"item\":\"https:\\\/\\\/www.kuvertdruckzurwerra.ch\\\/fr\\\/\"},{\"@type\":\"ListItem\",\"position\":2,\"name\":\"Notre \u00e9quipe\"}]},{\"@type\":\"WebSite\",\"@id\":\"https:\\\/\\\/www.kuvertdruckzurwerra.ch\\\/#website\",\"url\":\"https:\\\/\\\/www.kuvertdruckzurwerra.ch\\\/\",\"name\":\"Kuvertdruck Zurwerra\",\"description\":\"Kuvertdruck Zurwerra\",\"potentialAction\":[{\"@type\":\"SearchAction\",\"target\":{\"@type\":\"EntryPoint\",\"urlTemplate\":\"https:\\\/\\\/www.kuvertdruckzurwerra.ch\\\/?s={search_term_string}\"},\"query-input\":{\"@type\":\"PropertyValueSpecification\",\"valueRequired\":true,\"valueName\":\"search_term_string\"}}],\"inLanguage\":\"fr-FR\"}]}<\/script>\n<!-- \/ Yoast SEO plugin. -->","yoast_head_json":{"title":"Notre \u00e9quipe - Kuvertdruck Zurwerra","robots":{"index":"index","follow":"follow","max-snippet":"max-snippet:-1","max-image-preview":"max-image-preview:large","max-video-preview":"max-video-preview:-1"},"canonical":"https:\/\/www.kuvertdruckzurwerra.ch\/fr\/notre-equipe\/","og_locale":"fr_FR","og_type":"article","og_title":"Notre \u00e9quipe - Kuvertdruck Zurwerra","og_description":"L\u2019\u00e9quipe exp\u00e9riment\u00e9e de Kuvertdruck Zurwerra AG \u00e0 Naters est \u00e0 votre disposition. Les possibilit\u00e9s techniques actuelles sont sans limites en mati\u00e8re d\u2019impression d\u2019enveloppes. N\u2019h\u00e9sitez pas, [&hellip;]","og_url":"https:\/\/www.kuvertdruckzurwerra.ch\/fr\/notre-equipe\/","og_site_name":"Kuvertdruck Zurwerra","article_modified_time":"2019-09-19T08:09:53+00:00","twitter_card":"summary_large_image","schema":{"@context":"https:\/\/schema.org","@graph":[{"@type":"WebPage","@id":"https:\/\/www.kuvertdruckzurwerra.ch\/fr\/notre-equipe\/","url":"https:\/\/www.kuvertdruckzurwerra.ch\/fr\/notre-equipe\/","name":"Notre \u00e9quipe - Kuvertdruck Zurwerra","isPartOf":{"@id":"https:\/\/www.kuvertdruckzurwerra.ch\/#website"},"datePublished":"2019-09-16T13:13:11+00:00","dateModified":"2019-09-19T08:09:53+00:00","breadcrumb":{"@id":"https:\/\/www.kuvertdruckzurwerra.ch\/fr\/notre-equipe\/#breadcrumb"},"inLanguage":"fr-FR","potentialAction":[{"@type":"ReadAction","target":["https:\/\/www.kuvertdruckzurwerra.ch\/fr\/notre-equipe\/"]}]},{"@type":"BreadcrumbList","@id":"https:\/\/www.kuvertdruckzurwerra.ch\/fr\/notre-equipe\/#breadcrumb","itemListElement":[{"@type":"ListItem","position":1,"name":"Startseite","item":"https:\/\/www.kuvertdruckzurwerra.ch\/fr\/"},{"@type":"ListItem","position":2,"name":"Notre \u00e9quipe"}]},{"@type":"WebSite","@id":"https:\/\/www.kuvertdruckzurwerra.ch\/#website","url":"https:\/\/www.kuvertdruckzurwerra.ch\/","name":"Kuvertdruck Zurwerra","description":"Kuvertdruck Zurwerra","potentialAction":[{"@type":"SearchAction","target":{"@type":"EntryPoint","urlTemplate":"https:\/\/www.kuvertdruckzurwerra.ch\/?s={search_term_string}"},"query-input":{"@type":"PropertyValueSpecification","valueRequired":true,"valueName":"search_term_string"}}],"inLanguage":"fr-FR"}]}},"_links":{"self":[{"href":"https:\/\/www.kuvertdruckzurwerra.ch\/fr\/wp-json\/wp\/v2\/pages\/869","targetHints":{"allow":["GET"]}}],"collection":[{"href":"https:\/\/www.kuvertdruckzurwerra.ch\/fr\/wp-json\/wp\/v2\/pages"}],"about":[{"href":"https:\/\/www.kuvertdruckzurwerra.ch\/fr\/wp-json\/wp\/v2\/types\/page"}],"author":[{"embeddable":true,"href":"https:\/\/www.kuvertdruckzurwerra.ch\/fr\/wp-json\/wp\/v2\/users\/1"}],"replies":[{"embeddable":true,"href":"https:\/\/www.kuvertdruckzurwerra.ch\/fr\/wp-json\/wp\/v2\/comments?post=869"}],"version-history":[{"count":2,"href":"https:\/\/www.kuvertdruckzurwerra.ch\/fr\/wp-json\/wp\/v2\/pages\/869\/revisions"}],"predecessor-version":[{"id":928,"href":"https:\/\/www.kuvertdruckzurwerra.ch\/fr\/wp-json\/wp\/v2\/pages\/869\/revisions\/928"}],"wp:attachment":[{"href":"https:\/\/www.kuvertdruckzurwerra.ch\/fr\/wp-json\/wp\/v2\/media?parent=869"}],"curies":[{"name":"wp","href":"https:\/\/api.w.org\/{rel}","templated":true}]}}