{"id":862,"date":"2019-09-17T05:33:12","date_gmt":"2019-09-17T05:33:12","guid":{"rendered":"https:\/\/www.kuvertdruckzurwerra.ch\/?page_id=862"},"modified":"2024-05-29T11:28:07","modified_gmt":"2024-05-29T11:28:07","slug":"accueil","status":"publish","type":"page","link":"https:\/\/www.kuvertdruckzurwerra.ch\/fr\/","title":{"rendered":"Accueil"},"content":{"rendered":"<p>Optimalisez votre correspondance commerciale avec une enveloppe raffin\u00e9e qui permettra \u00e0 vos clients de se faire une premi\u00e8re impression durable. L\u2019entreprise familiale Impression d\u2019enveloppes Zurwerra AG produit depuis bient\u00f4t plus de 30 ans dans toute la Suisse des enveloppes de toutes formes et dans toutes les couleurs avec l\u2019enthousiasme de la passion.<\/p>\n<p>&nbsp;<\/p>\n<p><img decoding=\"async\" class=\"wp-image-1037\" src=\"https:\/\/www.kuvertdruckzurwerra.ch\/wp-content\/uploads\/2024\/05\/Kuvertdruck-Zurwerra-Sebastian-und-Yves.jpg\" alt=\"\" width=\"600\" height=\"400\" srcset=\"https:\/\/www.kuvertdruckzurwerra.ch\/wp-content\/uploads\/2024\/05\/Kuvertdruck-Zurwerra-Sebastian-und-Yves.jpg 1500w, https:\/\/www.kuvertdruckzurwerra.ch\/wp-content\/uploads\/2024\/05\/Kuvertdruck-Zurwerra-Sebastian-und-Yves-300x200.jpg 300w, https:\/\/www.kuvertdruckzurwerra.ch\/wp-content\/uploads\/2024\/05\/Kuvertdruck-Zurwerra-Sebastian-und-Yves-1024x683.jpg 1024w, https:\/\/www.kuvertdruckzurwerra.ch\/wp-content\/uploads\/2024\/05\/Kuvertdruck-Zurwerra-Sebastian-und-Yves-768x512.jpg 768w\" sizes=\"(max-width: 600px) 100vw, 600px\" \/><\/p>\n","protected":false},"excerpt":{"rendered":"<p>Optimalisez votre correspondance commerciale avec une enveloppe raffin\u00e9e qui permettra \u00e0 vos clients de se faire une premi\u00e8re impression durable. L\u2019entreprise familiale Impression d\u2019enveloppes Zurwerra [&hellip;]<\/p>\n","protected":false},"author":1,"featured_media":0,"parent":0,"menu_order":0,"comment_status":"closed","ping_status":"closed","template":"startseite-template.php","meta":{"footnotes":""},"class_list":["post-862","page","type-page","status-publish","hentry"],"yoast_head":"<!-- This site is optimized with the Yoast SEO plugin v27.3 - https:\/\/yoast.com\/product\/yoast-seo-wordpress\/ -->\n<title>Accueil - Kuvertdruck Zurwerra<\/title>\n<meta name=\"robots\" content=\"index, follow, max-snippet:-1, max-image-preview:large, max-video-preview:-1\" \/>\n<link rel=\"canonical\" href=\"https:\/\/www.kuvertdruckzurwerra.ch\/fr\/\" \/>\n<meta property=\"og:locale\" content=\"fr_FR\" \/>\n<meta property=\"og:type\" content=\"article\" \/>\n<meta property=\"og:title\" content=\"Accueil - Kuvertdruck Zurwerra\" \/>\n<meta property=\"og:description\" content=\"Optimalisez votre correspondance commerciale avec une enveloppe raffin\u00e9e qui permettra \u00e0 vos clients de se faire une premi\u00e8re impression durable. L\u2019entreprise familiale Impression d\u2019enveloppes Zurwerra [&hellip;]\" \/>\n<meta property=\"og:url\" content=\"https:\/\/www.kuvertdruckzurwerra.ch\/fr\/\" \/>\n<meta property=\"og:site_name\" content=\"Kuvertdruck Zurwerra\" \/>\n<meta property=\"article:modified_time\" content=\"2024-05-29T11:28:07+00:00\" \/>\n<meta property=\"og:image\" content=\"https:\/\/www.kuvertdruckzurwerra.ch\/wp-content\/uploads\/2024\/05\/Kuvertdruck-Zurwerra-Sebastian-und-Yves.jpg\" \/>\n<meta name=\"twitter:card\" content=\"summary_large_image\" \/>\n<meta name=\"twitter:label1\" content=\"Dur\u00e9e de lecture estim\u00e9e\" \/>\n\t<meta name=\"twitter:data1\" content=\"1 minute\" \/>\n<script type=\"application\/ld+json\" class=\"yoast-schema-graph\">{\"@context\":\"https:\\\/\\\/schema.org\",\"@graph\":[{\"@type\":\"WebPage\",\"@id\":\"https:\\\/\\\/www.kuvertdruckzurwerra.ch\\\/fr\\\/\",\"url\":\"https:\\\/\\\/www.kuvertdruckzurwerra.ch\\\/fr\\\/\",\"name\":\"Accueil - Kuvertdruck Zurwerra\",\"isPartOf\":{\"@id\":\"https:\\\/\\\/www.kuvertdruckzurwerra.ch\\\/#website\"},\"primaryImageOfPage\":{\"@id\":\"https:\\\/\\\/www.kuvertdruckzurwerra.ch\\\/fr\\\/#primaryimage\"},\"image\":{\"@id\":\"https:\\\/\\\/www.kuvertdruckzurwerra.ch\\\/fr\\\/#primaryimage\"},\"thumbnailUrl\":\"https:\\\/\\\/www.kuvertdruckzurwerra.ch\\\/wp-content\\\/uploads\\\/2024\\\/05\\\/Kuvertdruck-Zurwerra-Sebastian-und-Yves.jpg\",\"datePublished\":\"2019-09-17T05:33:12+00:00\",\"dateModified\":\"2024-05-29T11:28:07+00:00\",\"breadcrumb\":{\"@id\":\"https:\\\/\\\/www.kuvertdruckzurwerra.ch\\\/fr\\\/#breadcrumb\"},\"inLanguage\":\"fr-FR\",\"potentialAction\":[{\"@type\":\"ReadAction\",\"target\":[\"https:\\\/\\\/www.kuvertdruckzurwerra.ch\\\/fr\\\/\"]}]},{\"@type\":\"ImageObject\",\"inLanguage\":\"fr-FR\",\"@id\":\"https:\\\/\\\/www.kuvertdruckzurwerra.ch\\\/fr\\\/#primaryimage\",\"url\":\"https:\\\/\\\/www.kuvertdruckzurwerra.ch\\\/wp-content\\\/uploads\\\/2024\\\/05\\\/Kuvertdruck-Zurwerra-Sebastian-und-Yves.jpg\",\"contentUrl\":\"https:\\\/\\\/www.kuvertdruckzurwerra.ch\\\/wp-content\\\/uploads\\\/2024\\\/05\\\/Kuvertdruck-Zurwerra-Sebastian-und-Yves.jpg\"},{\"@type\":\"BreadcrumbList\",\"@id\":\"https:\\\/\\\/www.kuvertdruckzurwerra.ch\\\/fr\\\/#breadcrumb\",\"itemListElement\":[{\"@type\":\"ListItem\",\"position\":1,\"name\":\"Startseite\",\"item\":\"https:\\\/\\\/www.kuvertdruckzurwerra.ch\\\/fr\\\/\"},{\"@type\":\"ListItem\",\"position\":2,\"name\":\"Accueil\"}]},{\"@type\":\"WebSite\",\"@id\":\"https:\\\/\\\/www.kuvertdruckzurwerra.ch\\\/#website\",\"url\":\"https:\\\/\\\/www.kuvertdruckzurwerra.ch\\\/\",\"name\":\"Kuvertdruck Zurwerra\",\"description\":\"Kuvertdruck Zurwerra\",\"potentialAction\":[{\"@type\":\"SearchAction\",\"target\":{\"@type\":\"EntryPoint\",\"urlTemplate\":\"https:\\\/\\\/www.kuvertdruckzurwerra.ch\\\/?s={search_term_string}\"},\"query-input\":{\"@type\":\"PropertyValueSpecification\",\"valueRequired\":true,\"valueName\":\"search_term_string\"}}],\"inLanguage\":\"fr-FR\"}]}<\/script>\n<!-- \/ Yoast SEO plugin. -->","yoast_head_json":{"title":"Accueil - Kuvertdruck Zurwerra","robots":{"index":"index","follow":"follow","max-snippet":"max-snippet:-1","max-image-preview":"max-image-preview:large","max-video-preview":"max-video-preview:-1"},"canonical":"https:\/\/www.kuvertdruckzurwerra.ch\/fr\/","og_locale":"fr_FR","og_type":"article","og_title":"Accueil - Kuvertdruck Zurwerra","og_description":"Optimalisez votre correspondance commerciale avec une enveloppe raffin\u00e9e qui permettra \u00e0 vos clients de se faire une premi\u00e8re impression durable. L\u2019entreprise familiale Impression d\u2019enveloppes Zurwerra [&hellip;]","og_url":"https:\/\/www.kuvertdruckzurwerra.ch\/fr\/","og_site_name":"Kuvertdruck Zurwerra","article_modified_time":"2024-05-29T11:28:07+00:00","og_image":[{"url":"https:\/\/www.kuvertdruckzurwerra.ch\/wp-content\/uploads\/2024\/05\/Kuvertdruck-Zurwerra-Sebastian-und-Yves.jpg","type":"","width":"","height":""}],"twitter_card":"summary_large_image","twitter_misc":{"Dur\u00e9e de lecture estim\u00e9e":"1 minute"},"schema":{"@context":"https:\/\/schema.org","@graph":[{"@type":"WebPage","@id":"https:\/\/www.kuvertdruckzurwerra.ch\/fr\/","url":"https:\/\/www.kuvertdruckzurwerra.ch\/fr\/","name":"Accueil - Kuvertdruck Zurwerra","isPartOf":{"@id":"https:\/\/www.kuvertdruckzurwerra.ch\/#website"},"primaryImageOfPage":{"@id":"https:\/\/www.kuvertdruckzurwerra.ch\/fr\/#primaryimage"},"image":{"@id":"https:\/\/www.kuvertdruckzurwerra.ch\/fr\/#primaryimage"},"thumbnailUrl":"https:\/\/www.kuvertdruckzurwerra.ch\/wp-content\/uploads\/2024\/05\/Kuvertdruck-Zurwerra-Sebastian-und-Yves.jpg","datePublished":"2019-09-17T05:33:12+00:00","dateModified":"2024-05-29T11:28:07+00:00","breadcrumb":{"@id":"https:\/\/www.kuvertdruckzurwerra.ch\/fr\/#breadcrumb"},"inLanguage":"fr-FR","potentialAction":[{"@type":"ReadAction","target":["https:\/\/www.kuvertdruckzurwerra.ch\/fr\/"]}]},{"@type":"ImageObject","inLanguage":"fr-FR","@id":"https:\/\/www.kuvertdruckzurwerra.ch\/fr\/#primaryimage","url":"https:\/\/www.kuvertdruckzurwerra.ch\/wp-content\/uploads\/2024\/05\/Kuvertdruck-Zurwerra-Sebastian-und-Yves.jpg","contentUrl":"https:\/\/www.kuvertdruckzurwerra.ch\/wp-content\/uploads\/2024\/05\/Kuvertdruck-Zurwerra-Sebastian-und-Yves.jpg"},{"@type":"BreadcrumbList","@id":"https:\/\/www.kuvertdruckzurwerra.ch\/fr\/#breadcrumb","itemListElement":[{"@type":"ListItem","position":1,"name":"Startseite","item":"https:\/\/www.kuvertdruckzurwerra.ch\/fr\/"},{"@type":"ListItem","position":2,"name":"Accueil"}]},{"@type":"WebSite","@id":"https:\/\/www.kuvertdruckzurwerra.ch\/#website","url":"https:\/\/www.kuvertdruckzurwerra.ch\/","name":"Kuvertdruck Zurwerra","description":"Kuvertdruck Zurwerra","potentialAction":[{"@type":"SearchAction","target":{"@type":"EntryPoint","urlTemplate":"https:\/\/www.kuvertdruckzurwerra.ch\/?s={search_term_string}"},"query-input":{"@type":"PropertyValueSpecification","valueRequired":true,"valueName":"search_term_string"}}],"inLanguage":"fr-FR"}]}},"_links":{"self":[{"href":"https:\/\/www.kuvertdruckzurwerra.ch\/fr\/wp-json\/wp\/v2\/pages\/862","targetHints":{"allow":["GET"]}}],"collection":[{"href":"https:\/\/www.kuvertdruckzurwerra.ch\/fr\/wp-json\/wp\/v2\/pages"}],"about":[{"href":"https:\/\/www.kuvertdruckzurwerra.ch\/fr\/wp-json\/wp\/v2\/types\/page"}],"author":[{"embeddable":true,"href":"https:\/\/www.kuvertdruckzurwerra.ch\/fr\/wp-json\/wp\/v2\/users\/1"}],"replies":[{"embeddable":true,"href":"https:\/\/www.kuvertdruckzurwerra.ch\/fr\/wp-json\/wp\/v2\/comments?post=862"}],"version-history":[{"count":5,"href":"https:\/\/www.kuvertdruckzurwerra.ch\/fr\/wp-json\/wp\/v2\/pages\/862\/revisions"}],"predecessor-version":[{"id":1046,"href":"https:\/\/www.kuvertdruckzurwerra.ch\/fr\/wp-json\/wp\/v2\/pages\/862\/revisions\/1046"}],"wp:attachment":[{"href":"https:\/\/www.kuvertdruckzurwerra.ch\/fr\/wp-json\/wp\/v2\/media?parent=862"}],"curies":[{"name":"wp","href":"https:\/\/api.w.org\/{rel}","templated":true}]}}